{"id":24,"date":"2013-12-06T20:29:35","date_gmt":"2013-12-06T19:29:35","guid":{"rendered":"http:\/\/nowa.zspbialobrzegi.edu.pl\/?page_id=24"},"modified":"2022-10-02T20:49:26","modified_gmt":"2022-10-02T18:49:26","slug":"uczniowie","status":"publish","type":"page","link":"https:\/\/zspbialobrzegi.edu.pl\/?page_id=24","title":{"rendered":"Zaj\u0119cia pozalekcyjne"},"content":{"rendered":"<p>&nbsp;<\/p>\n<p><span style=\"font-family: tahoma, geneva, sans-serif; color: #333333;\"><span style=\"font-size: 14px;\"><b>1. <u><a style=\"color: #333333;\" href=\"http:\/\/zspbialobrzegi.edu.pl\/?page_id=2942\" target=\"_self\" rel=\"noopener\"> Ko\u0142o teatralne<\/a><\/u><\/b><\/span><\/span><\/p>\n<p><span style=\"font-family: tahoma, geneva, sans-serif; color: #333333;\"><span style=\"font-size: 14px;\"><b>2. <u><a style=\"color: #333333;\" href=\"http:\/\/zspbialobrzegi.edu.pl\/?page_id=3063\" target=\"_self\" rel=\"noopener\">Ko\u0142o turystyczne<\/a><\/u><\/b><\/span><\/span><\/p>\n<p><span style=\"font-family: tahoma, geneva, sans-serif; color: #333333;\"><span style=\"font-size: 14px;\"><b>3. <u><a style=\"color: #333333;\" href=\"http:\/\/zspbialobrzegi.edu.pl\/?page_id=3132\" target=\"_self\" rel=\"noopener\">Szkolne ko\u0142o PCK<\/a>&nbsp; <\/u> <\/b><\/span><\/span><\/p>\n<p><span style=\"font-family: tahoma, geneva, sans-serif; color: #333333;\"><span style=\"font-size: 14px;\"><b>4. <u><a style=\"color: #333333;\" href=\"http:\/\/zspbialobrzegi.edu.pl\/?page_id=3172\" target=\"_self\" rel=\"noopener\">Grupa taneczna MISZ-MASZ<\/a><\/u><\/b><\/span><\/span><\/p>\n<p>&nbsp;<\/p>\n","protected":false},"excerpt":{"rendered":"<p>&nbsp; 1. Ko\u0142o teatralne 2. Ko\u0142o turystyczne 3. Szkolne ko\u0142o PCK&nbsp; 4. Grupa taneczna MISZ-MASZ &nbsp;<\/p>\n","protected":false},"author":3,"featured_media":0,"parent":0,"menu_order":0,"comment_status":"closed","ping_status":"closed","template":"","meta":{"ngg_post_thumbnail":0,"footnotes":""},"_links":{"self":[{"href":"https:\/\/zspbialobrzegi.edu.pl\/index.php?rest_route=\/wp\/v2\/pages\/24"}],"collection":[{"href":"https:\/\/zspbialobrzegi.edu.pl\/index.php?rest_route=\/wp\/v2\/pages"}],"about":[{"href":"https:\/\/zspbialobrzegi.edu.pl\/index.php?rest_route=\/wp\/v2\/types\/page"}],"author":[{"embeddable":true,"href":"https:\/\/zspbialobrzegi.edu.pl\/index.php?rest_route=\/wp\/v2\/users\/3"}],"replies":[{"embeddable":true,"href":"https:\/\/zspbialobrzegi.edu.pl\/index.php?rest_route=%2Fwp%2Fv2%2Fcomments&post=24"}],"version-history":[{"count":73,"href":"https:\/\/zspbialobrzegi.edu.pl\/index.php?rest_route=\/wp\/v2\/pages\/24\/revisions"}],"predecessor-version":[{"id":85212,"href":"https:\/\/zspbialobrzegi.edu.pl\/index.php?rest_route=\/wp\/v2\/pages\/24\/revisions\/85212"}],"wp:attachment":[{"href":"https:\/\/zspbialobrzegi.edu.pl\/index.php?rest_route=%2Fwp%2Fv2%2Fmedia&parent=24"}],"curies":[{"name":"wp","href":"https:\/\/api.w.org\/{rel}","templated":true}]}}