{"id":2734,"date":"2014-01-03T08:55:26","date_gmt":"2014-01-03T07:55:26","guid":{"rendered":"http:\/\/nowa.zspbialobrzegi.edu.pl\/?page_id=2734"},"modified":"2014-01-03T09:26:17","modified_gmt":"2014-01-03T08:26:17","slug":"psycholog-informacje-o-pomocy","status":"publish","type":"page","link":"https:\/\/zspbialobrzegi.edu.pl\/?page_id=2734","title":{"rendered":"Psycholog &#8211; informacje o pomocy"},"content":{"rendered":"<p align=\"center\">\n\t<strong><span style=\"font-size:16px;\"><span style=\"color: rgb(0, 0, 128);\">Gdzie szuka\u0107 pomocy ?&nbsp;<\/span><\/span><\/strong>\n<\/p>\n<p align=\"center\">\n\t<br \/>\n\t<strong><span style=\"font-size:16px;\"><span style=\"color: rgb(0, 0, 128);\"><u>Uzale\u017cnienia:<\/u>&nbsp;<\/span><\/span><\/strong>\n<\/p>\n<p>\n\t&nbsp;\n<\/p>\n<p>\n\t<span style=\"font-size:14px;\"><span style=\"color: rgb(0, 0, 128);\"><strong>Niepubliczny Zak\u0142ad Opieki Zdrowotnej O\u015brodek Profilaktyki i Terapii Uzale\u017cnie\u0144<\/strong><\/span><br \/>\n\t<span style=\"color: rgb(0, 0, 128);\">Radom&nbsp; Ul. 1905 Roku 21<\/span><\/span>\n<\/p>\n<p>\n\t<span style=\"font-size:14px;\"><strong><span style=\"color: rgb(0, 0, 128);\">&quot;Monar&quot; Stowarzyszenie Poradnia Profilaktyki i Terapii Uzale\u017cnie\u0144<\/span><\/strong><\/span>\n<\/p>\n<p>\n\t<span style=\"font-size:14px;\"><span style=\"color: rgb(0, 0, 128);\">&nbsp;Radom ul. Struga 57a tel. <\/span><a href=\"callto:+48483647600\"><span style=\"color: rgb(0, 0, 128);\">48 364 76 00<\/span><\/a><\/span>\n<\/p>\n<p>\n\t<span style=\"font-size:14px;\"><span style=\"color: rgb(0, 0, 128);\"><strong>Przychodnia Leczenia Uzale\u017cnie\u0144<\/strong><br \/>\n\tul. Tochtermana 1<br \/>\n\ttel. 48 361 51 00, 361 56 19<\/span><\/span>\n<\/p>\n<p>\n\t<span style=\"font-size:14px;\"><span style=\"color: rgb(0, 0, 128);\"><strong>Przychodnia Terapii Uzale\u017cnie\u0144 od Alkoholu i Wsp&oacute;\u0142uzale\u017cnienia<\/strong><br \/>\n\tRadom ul. Reja 30<br \/>\n\ttel. 48 363 19 93,<\/span><\/span>\n<\/p>\n<p>\n\t<br \/>\n\t<span style=\"font-size:14px;\"><span style=\"color: rgb(0, 0, 128);\"><strong><u>Katolicki Ruch Antynarkotyczny KARAN<\/u><\/strong><br \/>\n\tRadom ul. Reja 5\/1<br \/>\n\ttel. 48 362 20 46 <\/span><a href=\"mailto:karan@karan.pl\"><span style=\"color: rgb(0, 0, 128);\">karan@karan.pl<\/span><\/a><\/span>\n<\/p>\n<p>\n\t&nbsp;<\/p>\n","protected":false},"excerpt":{"rendered":"<p>Gdzie szuka\u0107 pomocy ?&nbsp; Uzale\u017cnienia:&nbsp; &nbsp; Niepubliczny Zak\u0142ad Opieki Zdrowotnej O\u015brodek Profilaktyki i Terapii Uzale\u017cnie\u0144 Radom&nbsp; Ul. 1905 Roku 21 &quot;Monar&quot; Stowarzyszenie Poradnia Profilaktyki i Terapii Uzale\u017cnie\u0144 &nbsp;Radom ul. Struga 57a tel. 48 364 76 00 Przychodnia Leczenia Uzale\u017cnie\u0144 ul. Tochtermana 1 tel. 48 361 51 00, 361 56 19 Przychodnia Terapii Uzale\u017cnie\u0144 od Alkoholu [&hellip;]<\/p>\n","protected":false},"author":7,"featured_media":0,"parent":0,"menu_order":0,"comment_status":"closed","ping_status":"closed","template":"","meta":{"ngg_post_thumbnail":0,"footnotes":""},"_links":{"self":[{"href":"https:\/\/zspbialobrzegi.edu.pl\/index.php?rest_route=\/wp\/v2\/pages\/2734"}],"collection":[{"href":"https:\/\/zspbialobrzegi.edu.pl\/index.php?rest_route=\/wp\/v2\/pages"}],"about":[{"href":"https:\/\/zspbialobrzegi.edu.pl\/index.php?rest_route=\/wp\/v2\/types\/page"}],"author":[{"embeddable":true,"href":"https:\/\/zspbialobrzegi.edu.pl\/index.php?rest_route=\/wp\/v2\/users\/7"}],"replies":[{"embeddable":true,"href":"https:\/\/zspbialobrzegi.edu.pl\/index.php?rest_route=%2Fwp%2Fv2%2Fcomments&post=2734"}],"version-history":[{"count":6,"href":"https:\/\/zspbialobrzegi.edu.pl\/index.php?rest_route=\/wp\/v2\/pages\/2734\/revisions"}],"predecessor-version":[{"id":2772,"href":"https:\/\/zspbialobrzegi.edu.pl\/index.php?rest_route=\/wp\/v2\/pages\/2734\/revisions\/2772"}],"wp:attachment":[{"href":"https:\/\/zspbialobrzegi.edu.pl\/index.php?rest_route=%2Fwp%2Fv2%2Fmedia&parent=2734"}],"curies":[{"name":"wp","href":"https:\/\/api.w.org\/{rel}","templated":true}]}}