{"id":79026,"date":"2021-08-18T13:22:13","date_gmt":"2021-08-18T11:22:13","guid":{"rendered":"https:\/\/zspbialobrzegi.edu.pl\/?page_id=79026"},"modified":"2024-05-31T12:08:18","modified_gmt":"2024-05-31T10:08:18","slug":"deklaracja-dostepnosci","status":"publish","type":"page","link":"https:\/\/zspbialobrzegi.edu.pl\/?page_id=79026","title":{"rendered":"Deklaracja dost\u0119pno\u015bci"},"content":{"rendered":"<p>&nbsp;<\/p>\n<p id=\"a11y-wstep\" style=\"text-align: left;\"><span id=\"a11y-podmiot\">Zesp\u00f3\u0142 Szk\u00f3\u0142 Ponadpodstawowych w Bia\u0142obrzegach<\/span> zobowi\u0105zuje si\u0119 zapewni\u0107 dost\u0119pno\u015b\u0107 swojej strony internetowej zgodnie z przepisami ustawy z dnia 4 kwietnia 2019 r. o dost\u0119pno\u015bci cyfrowej stron internetowych i aplikacji mobilnych podmiot\u00f3w publicznych. O\u015bwiadczenie w sprawie dost\u0119pno\u015bci ma zastosowanie do strony internetowej opublikowanej pod adresem: <a id=\"a11y-url\" href=\"https:\/\/zspbialobrzegi.edu.pl\/\">zspbialobrzegi.edu.pl<\/a>.<\/p>\n<ul>\n<li>Data publikacji strony internetowej: <time id=\"a11y-data-publikacja\" datetime=\"2014-09-15\">2021-02-06<\/time><\/li>\n<li>Data ostatniej istotnej aktualizacji: <time id=\"a11y-data-aktualizacja\" datetime=\"2021-02-06\">2021-12-01<\/time><\/li>\n<\/ul>\n<h4>Status pod wzgl\u0119dem zgodno\u015bci z ustaw\u0105<\/h4>\n<p id=\"a11y-status\" style=\"text-align: justify;\"><span id=\"a11y-status\">Strona internetowa jest cz\u0119\u015bciowo zgodna z ustaw\u0105 z dnia 4 kwietnia 2019r. o dost\u0119pno\u015bci cyfrowej stron internetowych i aplikacji mobilnych podmiot\u00f3w publicznych z powodu niezgodno\u015bci lub wy\u0142\u0105cze\u0144 wymienionych poni\u017cej.<\/span><\/p>\n<h5>Tre\u015bci niedost\u0119pne<\/h5>\n<ul>\n<li>Niekt\u00f3re filmy nie posiadaj\u0105 napis\u00f3w dla os\u00f3b g\u0142uchych.<\/li>\n<li>Brak audiodeskrypcji dla publikowanych materia\u0142\u00f3w.<\/li>\n<li>Brak opis\u00f3w alternatywnych dla niekt\u00f3rych zdj\u0119\u0107.<\/li>\n<li>Cz\u0119\u015b\u0107 dokument\u00f3w PDF zosta\u0142a opublikowana bez warstwy tekstowej, nie s\u0105 dokumentami edytowalnymi.&nbsp;<br \/>\nS\u0105 to dokumenty zeskanowane bez opcji skanowania z mo\u017cliwo\u015bci\u0105 przeszukiwania tekstu.<\/li>\n<li>Cz\u0119\u015b\u0107 artyku\u0142\u00f3w zawiera za\u0142\u0105czniki dostarczone z zewn\u0105trz w postaci graficznych dokument\u00f3w PDF (skan\u00f3w) niedost\u0119pnych dla czytnik\u00f3w ekranu. W takim przypadku, aby zapozna\u0107 si\u0119 z jego tre\u015bci\u0105 prosimy o wykorzystanie <a href=\"https:\/\/www.onlineocr.net\/pl\/\">bezp\u0142atnego narz\u0119dzia OCR<\/a> do odczytu tre\u015bci skanu.<\/li>\n<\/ul>\n<h5>Wy\u0142\u0105czenia<\/h5>\n<ul style=\"list-style-type: disc;\">\n<li>Cz\u0119\u015b\u0107 opublikowanych na stronie dokument\u00f3w i film\u00f3w ma charakter archiwalny i jest wykluczona z przepis\u00f3w ustawy o dost\u0119pno\u015bci cyfrowej.<\/li>\n<li>Mapy s\u0105 wy\u0142\u0105czone z obowi\u0105zku zapewniania dost\u0119pno\u015bci.<\/li>\n<\/ul>\n<h4>Przygotowanie deklaracji w sprawie dost\u0119pno\u015bci<\/h4>\n<ul style=\"list-style-type: disc;\">\n<li>Deklaracj\u0119 sporz\u0105dzono dnia: <time id=\"a11y-data-sporzadzenie\" datetime=\"2021-08-18\">2021-08-18<\/time><\/li>\n<li>Deklaracja zosta\u0142a ostatnio poddana przegl\u0105dowi i aktualizacji dnia: <time id=\"a11y-data-deklaracja-przeglad\" datetime=\"2021-09-01\">2021-12-01<\/time><\/li>\n<\/ul>\n<p>Deklaracj\u0119 sporz\u0105dzono na podstawie samooceny przeprowadzonej przez podmiot publiczny.<\/p>\n<h4>Informacje dodatkowe<\/h4>\n<h5>U\u0142atwienia<\/h5>\n<ul style=\"list-style-type: disc;\">\n<li style=\"text-align: justify;\">Strona internetowa jest wyposa\u017cona w mechanizmy u\u0142atwiaj\u0105ce przegl\u0105danie tre\u015bci przez osoby niedowidz\u0105ce. Narz\u0119dzia u\u0142atwie\u0144 dost\u0119pu (widoczny symbol niepe\u0142nosprawno\u015bci po lewej stronie przy poruszaniu si\u0119 po witrynie), zawieraj\u0105 przyciski:<br \/>\nPowi\u0119ksz tekst;<br \/>\nZmniejsz tekst;<br \/>\nSkala szaro\u015bci;<br \/>\nWysoki kontrast;<br \/>\nNegatyw;<br \/>\nJasne t\u0142o;<br \/>\nPodkre\u015blenie odno\u015bnik\u00f3w;<br \/>\nCzytelna czcionka<\/li>\n<li>Na stronie internetowej opr\u00f3cz menu nawigacyjnego znajduje si\u0119 wyszukiwarka.<\/li>\n<li>Teksty zamieszczone w serwisie s\u0105 napisane w jak najprostszy spos\u00f3b, zrozumiale z zasadami dost\u0119pno\u015bci.<\/li>\n<li>Autorzy artyku\u0142\u00f3w staraj\u0105 si\u0119 czytelnie i odpowiednio formatowa\u0107 teksty, w tym stosowa\u0107 wypunktowanie, wyr\u00f3\u017cnienie, przekierowanie do strony bezpo\u015brednio po naci\u015bni\u0119ciu w link.<\/li>\n<li>Na stronie internetowej mo\u017cna korzysta\u0107 ze standardowych skr\u00f3t\u00f3w klawiaturowych przegl\u0105darki.<\/li>\n<li>Serwis nie zawiera skr\u00f3t\u00f3w klawiaturowych, kt\u00f3re mog\u0142yby wchodzi\u0107 w konflikt z technologiami asystuj\u0105cymi (np. programy czytaj\u0105ce), systemem lub aplikacjami u\u017cytkownik\u00f3w.<\/li>\n<li>Na stronie internetowej zastosowano kolorystyk\u0119 uwzgl\u0119dniaj\u0105c odpowiedni dob\u00f3r kontrast\u00f3w.<\/li>\n<\/ul>\n<h4>Informacje zwrotne i dane kontaktowe<\/h4>\n<p style=\"text-align: justify;\">W przypadku problem\u00f3w z dost\u0119pno\u015bci\u0105 strony internetowej prosimy o kontakt.<br \/>\nOsob\u0105 kontaktow\u0105 jest: Dyrektor szko\u0142y <span id=\"a11y-osoba\">Jolanta Babik.<br \/>\n<\/span> E-mail: j<span id=\"a11y-email\">.babik@zspbialobrzegi.edu.pl.<\/span><br \/>\nMo\u017cna kontaktowa\u0107 si\u0119 r\u00f3wnie\u017c dzwoni\u0105c na numer telefonu: <span id=\"a11y-telefon\">48 6132710.<\/span><\/p>\n<p style=\"text-align: justify;\">T\u0105 sam\u0105 drog\u0105 mo\u017cna sk\u0142ada\u0107 wnioski o udost\u0119pnienie informacji niedost\u0119pnej oraz sk\u0142ada\u0107 skargi na brak zapewnienia dost\u0119pno\u015bci. <span id=\"a11y-procedura\">Ka\u017cdy ma prawo do wyst\u0105pienia z \u017c\u0105daniem zapewnienia dost\u0119pno\u015bci cyfrowej strony internetowej, aplikacji mobilnej lub jakiego\u015b ich elementu. Mo\u017cna tak\u017ce za\u017c\u0105da\u0107 udost\u0119pnienia informacji w formach alternatywnych, na przyk\u0142ad odczytanie niedost\u0119pnego cyfrowo dokumentu, opisania zawarto\u015bci filmu bez audiodeskrypcji itp.<br \/>\n\u017b\u0105danie powinno zawiera\u0107:<\/span><\/p>\n<ul>\n<li>Dane osoby zg\u0142aszaj\u0105cej \u017c\u0105danie,<\/li>\n<li>Wskazanie, o kt\u00f3r\u0105 stron\u0119 internetow\u0105 lub aplikacj\u0119 mobiln\u0105 chodzi,<\/li>\n<li>Spos\u00f3b kontaktu,<\/li>\n<li>Je\u017celi osoba \u017c\u0105daj\u0105ca zg\u0142asza potrzeb\u0119 otrzymania informacji w formie alternatywnej, powinna tak\u017ce okre\u015bli\u0107 form\u0119 tej informacji.<\/li>\n<\/ul>\n<p style=\"text-align: justify;\">Podmiot publiczny powinien zrealizowa\u0107 \u017c\u0105danie niezw\u0142ocznie i nie p\u00f3\u017aniej, ni\u017c w ci\u0105gu 7 dni. Je\u017celi dotrzymanie tego terminu nie jest mo\u017cliwe, podmiot publiczny niezw\u0142ocznie informuje o tym, kiedy realizacja \u017c\u0105dania b\u0119dzie mo\u017cliwa, przy czym termin ten nie mo\u017ce by\u0107 d\u0142u\u017cszy ni\u017c 2 miesi\u0105ce. Je\u017celi zapewnienie dost\u0119pno\u015bci nie jest mo\u017cliwe, podmiot publiczny mo\u017ce zaproponowa\u0107 alternatywny spos\u00f3b dost\u0119pu do informacji. W przypadku, gdy podmiot odm\u00f3wi realizacji \u017c\u0105dania zapewnienia dost\u0119pno\u015bci lub alternatywnego dost\u0119pu do informacji, mo\u017cna z\u0142o\u017cy\u0107 skarg\u0119 na takie dzia\u0142anie. Po wyczerpaniu wszystkich mo\u017cliwo\u015bci skarg\u0119 mo\u017cna przes\u0142a\u0107 tak\u017ce do&nbsp;<a href=\"https:\/\/www.rpo.gov.pl\/content\/jak-zglosic-sie-do-rzecznika-praw-obywatelskich\">Rzecznika Praw Obywatelskich<\/a>.<\/p>\n<h4>&nbsp;<\/h4>\n<h4>Dost\u0119pno\u015b\u0107 architektoniczna<\/h4>\n<ul style=\"list-style-type: disc;\">\n<li>Do budynku prowadz\u0105 trzy wej\u015bcia.<\/li>\n<li>Do wej\u015bcia g\u0142\u00f3wnego oraz wej\u015bcia od strony boiska&nbsp; prowadz\u0105 schody oraz podjazd dla os\u00f3b niepe\u0142nosprawnych, do trzeciego wej\u015bcia schody. Nad wej\u015bciami nie ma g\u0142o\u015bnik\u00f3w systemu naprowadzaj\u0105cego d\u017awi\u0119kowo osoby niewidome i s\u0142abowidz\u0105ce.<\/li>\n<li>Osobami oddelegowanymi do udzielania informacji przy wej\u015bciu g\u0142\u00f3wnym s\u0105 pracownicy obs\u0142ugi.<\/li>\n<li>Dla os\u00f3b na w\u00f3zkach dost\u0119pne s\u0105 korytarze i pomieszczenia na pierwszym poziomie (poziom sekretariatu).<\/li>\n<li>W budynku nie ma windy.<\/li>\n<li>Osoby poruszaj\u0105ce si\u0119 na w\u00f3zkach inwalidzkich mog\u0105 za\u0142atwi\u0107 wszelkie sprawy w sekretariacie.<\/li>\n<li>W budynku nie ma informacji o rozk\u0142adzie pomieszcze\u0144 w spos\u00f3b wizualny, dotykowy lub g\u0142osowy.<\/li>\n<li>Do budynku i wszystkich jego pomieszcze\u0144 mo\u017cna wej\u015b\u0107 z psem asystuj\u0105cym i psem przewodnikiem.<\/li>\n<li>W budynku nie ma oznacze\u0144 w alfabecie brajla, ani oznacze\u0144 kontrastowych lub w druku powi\u0119kszanym dla os\u00f3b niewidomych i s\u0142abowidz\u0105cych.<\/li>\n<li>W budynku nie ma mo\u017cliwo\u015bci skorzystania z t\u0142umacza j\u0119zyka migowego oraz wykorzystania t\u0142umacza j\u0119zyka migowego przez strony internetowe lub aplikacje (t\u0142umaczenie online).<\/li>\n<li>W budynku nie ma urz\u0105dze\u0144 lub \u015brodk\u00f3w technicznych do obs\u0142ugi os\u00f3b s\u0142abos\u0142ysz\u0105cych takich, jak: p\u0119tle indukcyjne, systemy FM, systemy na podczerwie\u0144 (IR), systemy Bluetooth.<\/li>\n<\/ul>\n<p>&nbsp;<\/p>\n<h4>Aplikacje mobilne<\/h4>\n<p>Na stronie internetowej nie zosta\u0142y umieszczone \u017cadne aplikacje mobilne do pobrania.<\/p>\n","protected":false},"excerpt":{"rendered":"<p>&nbsp; Zesp\u00f3\u0142 Szk\u00f3\u0142 Ponadpodstawowych w Bia\u0142obrzegach zobowi\u0105zuje si\u0119 zapewni\u0107 dost\u0119pno\u015b\u0107 swojej strony internetowej zgodnie z przepisami ustawy z dnia 4 kwietnia 2019 r. o dost\u0119pno\u015bci cyfrowej stron internetowych i aplikacji mobilnych podmiot\u00f3w publicznych. O\u015bwiadczenie w sprawie dost\u0119pno\u015bci ma zastosowanie do strony internetowej opublikowanej pod adresem: zspbialobrzegi.edu.pl. Data publikacji strony internetowej: 2021-02-06 Data ostatniej istotnej aktualizacji: [&hellip;]<\/p>\n","protected":false},"author":8,"featured_media":0,"parent":0,"menu_order":0,"comment_status":"closed","ping_status":"closed","template":"","meta":{"ngg_post_thumbnail":0,"footnotes":""},"_links":{"self":[{"href":"https:\/\/zspbialobrzegi.edu.pl\/index.php?rest_route=\/wp\/v2\/pages\/79026"}],"collection":[{"href":"https:\/\/zspbialobrzegi.edu.pl\/index.php?rest_route=\/wp\/v2\/pages"}],"about":[{"href":"https:\/\/zspbialobrzegi.edu.pl\/index.php?rest_route=\/wp\/v2\/types\/page"}],"author":[{"embeddable":true,"href":"https:\/\/zspbialobrzegi.edu.pl\/index.php?rest_route=\/wp\/v2\/users\/8"}],"replies":[{"embeddable":true,"href":"https:\/\/zspbialobrzegi.edu.pl\/index.php?rest_route=%2Fwp%2Fv2%2Fcomments&post=79026"}],"version-history":[{"count":53,"href":"https:\/\/zspbialobrzegi.edu.pl\/index.php?rest_route=\/wp\/v2\/pages\/79026\/revisions"}],"predecessor-version":[{"id":97536,"href":"https:\/\/zspbialobrzegi.edu.pl\/index.php?rest_route=\/wp\/v2\/pages\/79026\/revisions\/97536"}],"wp:attachment":[{"href":"https:\/\/zspbialobrzegi.edu.pl\/index.php?rest_route=%2Fwp%2Fv2%2Fmedia&parent=79026"}],"curies":[{"name":"wp","href":"https:\/\/api.w.org\/{rel}","templated":true}]}}